{"id":3,"date":"2025-05-29T09:39:04","date_gmt":"2025-05-29T07:39:04","guid":{"rendered":"https:\/\/www.mauxenmots.be\/?page_id=3"},"modified":"2025-06-15T10:48:51","modified_gmt":"2025-06-15T08:48:51","slug":"politique-de-confidentialite","status":"publish","type":"page","link":"https:\/\/www.mauxenmots.be\/index.php\/politique-de-confidentialite\/","title":{"rendered":"Politique de confidentialit\u00e9"},"content":{"rendered":"\t\t<div data-elementor-type=\"wp-page\" data-elementor-id=\"3\" class=\"elementor elementor-3\">\n\t\t\t\t<div class=\"elementor-element elementor-element-60abd2d3 e-flex e-con-boxed e-con e-parent\" data-id=\"60abd2d3\" data-element_type=\"container\">\n\t\t\t\t\t<div class=\"e-con-inner\">\n\t\t\t\t<div class=\"elementor-element elementor-element-5e96b331 elementor-widget elementor-widget-text-editor\" data-id=\"5e96b331\" data-element_type=\"widget\" data-widget_type=\"text-editor.default\">\n\t\t\t\t<div class=\"elementor-widget-container\">\n\t\t\t\t\t\t\t\t\t\n<h2 class=\"wp-block-heading\">Qui sommes-nous\u00a0?<\/h2>\n\n<p>L\u2019adresse de notre site est\u00a0: <a href=\"https:\/\/www.mauxenmots.be\">https:\/\/www.mauxenmots.be<\/a>.<\/p>\n<p>La propri\u00e9taire du site et du nom de domaine est Mme Blondiaux Jo\u00eblle<\/p>\n<p>L&rsquo;administrateur du site est M. Claude Robalo.<\/p>\n<p>Email de contact : <a href=\"mailto:informations@mauxenmots.be\">informations@mauxenmots.be<\/a><\/p>\n\n<p class=\"cvGsUA direction-ltr align-center para-style-body\"><strong><span class=\"OYPEnA font-feature-liga-off font-feature-clig-off font-feature-calt-off text-decoration-none text-strikethrough-none\">Politique de confidentialit\u00e9<\/span><\/strong><\/p>\n<p class=\"cvGsUA direction-ltr align-center para-style-body\"><span class=\"OYPEnA font-feature-liga-off font-feature-clig-off font-feature-calt-off text-decoration-none text-strikethrough-none\">Ce site web est con\u00e7u pour fournir des informations g\u00e9n\u00e9rales sur les services du centre pluridisciplinaire Maux en mots.<\/span><\/p>\n<p class=\"cvGsUA direction-ltr align-center para-style-body\"><strong><span class=\"OYPEnA font-feature-liga-off font-feature-clig-off font-feature-calt-off text-decoration-none text-strikethrough-none\">Donn\u00e9es personnelles<\/span><\/strong><\/p>\n<p class=\"cvGsUA direction-ltr align-center para-style-body\"><span class=\"OYPEnA font-feature-liga-off font-feature-clig-off font-feature-calt-off text-decoration-none text-strikethrough-none\">Nous ne collectons aucune donn\u00e9e personnelle vous concernant lors de votre visite sur ce site. Il n&rsquo;utilise pas de cookies, ni d&rsquo;autres technologies de suivi.<\/span><\/p>\n<p>Par s\u00e9curit\u00e9, un dispositif de gestion des cookies est activ\u00e9 :\u00a0 CookieYes.<\/p>\n<p>Rapport <a href=\"https:\/\/www.cookieyes.com\/cookie-checker\/?url=https:\/\/www.mauxenmots.be&amp;ref=SB_03092019-cyCookieChSWT\">CookieYes<\/a><\/p>\n<p>\u00a0<\/p>\n<p class=\"cvGsUA direction-ltr align-center para-style-body\"><strong><span class=\"OYPEnA font-feature-liga-off font-feature-clig-off font-feature-calt-off text-decoration-none text-strikethrough-none\">Confidentialit\u00e9<\/span><\/strong><\/p>\n<p class=\"cvGsUA direction-ltr align-center para-style-body\"><span class=\"OYPEnA font-feature-liga-off font-feature-clig-off font-feature-calt-off text-decoration-none text-strikethrough-none\">Le secret professionnel est au c\u0153ur de notre pratique.<\/span><\/p>\n<p class=\"cvGsUA direction-ltr align-center para-style-body\"><span class=\"OYPEnA font-feature-liga-off font-feature-clig-off font-feature-calt-off text-decoration-none text-strikethrough-none\">Toutes les informations que vous nous confiez lors de nos \u00e9changes sont strictement confidentielles.<\/span><\/p>\n<p class=\"cvGsUA direction-ltr align-center para-style-body\"><strong><span class=\"OYPEnA font-feature-liga-off font-feature-clig-off font-feature-calt-off text-decoration-none text-strikethrough-none\">Modifications de cette politique<\/span><\/strong><\/p>\n<p class=\"cvGsUA direction-ltr align-center para-style-body\"><span class=\"OYPEnA font-feature-liga-off font-feature-clig-off font-feature-calt-off text-decoration-none text-strikethrough-none\">Nous nous r\u00e9servons le droit de mettre \u00e0 jour cette politique de confidentialit\u00e9 du site internet \u00e0 tout moment.<\/span><\/p>\n<p class=\"cvGsUA direction-ltr align-center para-style-body\"><span class=\"OYPEnA font-feature-liga-off font-feature-clig-off font-feature-calt-off text-decoration-none text-strikethrough-none\">La version la plus r\u00e9cente sera toujours disponible sur cette page.<\/span><\/p>\n<p class=\"cvGsUA direction-ltr align-center para-style-body\"><span class=\"OYPEnA font-feature-liga-off font-feature-clig-off font-feature-calt-off text-decoration-none text-strikethrough-none\">Le centre Maux en mots<\/span><\/p>\n<p class=\"cvGsUA direction-ltr align-center para-style-body\"><span class=\"OYPEnA font-feature-liga-off font-feature-clig-off font-feature-calt-off text-decoration-none text-strikethrough-none\">01\/06\/2025<\/span><\/p>\n<p class=\"cvGsUA direction-ltr align-center para-style-body\"><span class=\"OYPEnA font-feature-liga-off font-feature-clig-off font-feature-calt-off text-decoration-none text-strikethrough-none\">[<\/span><a class=\"OYPEnA font-feature-liga-off font-feature-clig-off font-feature-calt-off text-decoration-underline text-strikethrough-none\" draggable=\"false\" href=\"https:\/\/www.belgium.be\/fr\/justice\/respect_de_la_vie_privee\/secret_professionnel#:~:text=Le%20secret%20professionnel%20est%20permanent,pas%20partie%20du%20secret%20professionnel.\" target=\"_blank\" rel=\"noopener\">Lien vers les mentions l\u00e9gales<\/a> <span class=\"OYPEnA font-feature-liga-off font-feature-clig-off font-feature-calt-off text-decoration-none text-strikethrough-none\">: Code p\u00e9nal &#8211; Article 226-13 :]<\/span><\/p>\t\t\t\t\t\t\t\t<\/div>\n\t\t\t\t<\/div>\n\t\t\t\t\t<\/div>\n\t\t\t\t<\/div>\n\t\t<div class=\"elementor-element elementor-element-c15c0a9 e-flex e-con-boxed e-con e-parent\" data-id=\"c15c0a9\" data-element_type=\"container\">\n\t\t\t\t\t<div class=\"e-con-inner\">\n\t\t\t\t<div class=\"elementor-element elementor-element-9db47b2 elementor-widget elementor-widget-text-editor\" data-id=\"9db47b2\" data-element_type=\"widget\" data-widget_type=\"text-editor.default\">\n\t\t\t\t<div class=\"elementor-widget-container\">\n\t\t\t\t\t\t\t\t\t<p class=\"cvGsUA direction-ltr align-center para-style-body\"><span class=\"OYPEnA font-feature-liga-off font-feature-clig-off font-feature-calt-off text-decoration-none text-strikethrough-none\"><img decoding=\"async\" class=\"size-thumbnail wp-image-307 alignleft\" src=\"https:\/\/www.mauxenmots.be\/wp-content\/uploads\/2025\/05\/mentions-obligatoires-rgpd-2-150x150.jpg\" alt=\"\" width=\"150\" height=\"150\" \/>Ce site web ne collecte aucune information personnelle vous concernant.<\/span><\/p>\n<p class=\"cvGsUA direction-ltr align-center para-style-body\"><span class=\"OYPEnA font-feature-liga-off font-feature-clig-off font-feature-calt-off text-decoration-none text-strikethrough-none\">En cons\u00e9quence, aucune donn\u00e9e n&rsquo;est stock\u00e9e, trait\u00e9e ou transmise \u00e0 des tiers.<\/span><\/p>\n<p class=\"cvGsUA direction-ltr align-center para-style-body\"><span class=\"OYPEnA font-feature-liga-off font-feature-clig-off font-feature-calt-off text-decoration-none text-strikethrough-none\">Conform\u00e9ment au R\u00e8glement G\u00e9n\u00e9ral sur la Protection des Donn\u00e9es (RGPD),<\/span><\/p>\n<p class=\"cvGsUA direction-ltr align-center para-style-body\"><span class=\"OYPEnA font-feature-liga-off font-feature-clig-off font-feature-calt-off text-decoration-none text-strikethrough-none\">vous disposez d&rsquo;un droit d&rsquo;acc\u00e8s, de rectification et d&rsquo;effacement des donn\u00e9es vous concernant.<\/span><\/p>\n<p class=\"cvGsUA direction-ltr align-center para-style-body\"><span class=\"OYPEnA font-feature-liga-off font-feature-clig-off font-feature-calt-off text-decoration-none text-strikethrough-none\">Toutefois, nous ne collectons aucune donn\u00e9e, et les commentaires sont d\u00e9sactiv\u00e9s par d\u00e9faut.<\/span><\/p>\n<p class=\"cvGsUA direction-ltr align-center para-style-body\"><span class=\"OYPEnA font-feature-liga-off font-feature-clig-off font-feature-calt-off text-decoration-none text-strikethrough-none\">Les droits sont respect\u00e9s dans le cadre de l&rsquo;utilisation de ce site.<\/span><\/p>\t\t\t\t\t\t\t\t<\/div>\n\t\t\t\t<\/div>\n\t\t\t\t\t<\/div>\n\t\t\t\t<\/div>\n\t\t\t\t<\/div>\n\t\t","protected":false},"excerpt":{"rendered":"<p>Qui sommes-nous\u00a0? L\u2019adresse de notre site est\u00a0: https:\/\/www.mauxenmots.be. La propri\u00e9taire du site et du nom de domaine est Mme Blondiaux Jo\u00eblle L&rsquo;administrateur du site est [&hellip;]<\/p>\n","protected":false},"author":2,"featured_media":0,"parent":0,"menu_order":0,"comment_status":"closed","ping_status":"closed","template":"","meta":{"footnotes":""},"class_list":["post-3","page","type-page","status-publish","hentry"],"yoast_head":"<!-- This site is optimized with the Yoast SEO plugin v26.5 - https:\/\/yoast.com\/wordpress\/plugins\/seo\/ -->\n<title>Politique de confidentialit\u00e9 - Maux en Mots<\/title>\n<meta name=\"robots\" content=\"index, follow, max-snippet:-1, max-image-preview:large, max-video-preview:-1\" \/>\n<link rel=\"canonical\" href=\"https:\/\/www.mauxenmots.be\/index.php\/politique-de-confidentialite\/\" \/>\n<meta property=\"og:locale\" content=\"fr_FR\" \/>\n<meta property=\"og:type\" content=\"article\" \/>\n<meta property=\"og:title\" content=\"Politique de confidentialit\u00e9 - Maux en Mots\" \/>\n<meta property=\"og:description\" content=\"Qui sommes-nous\u00a0? L\u2019adresse de notre site est\u00a0: https:\/\/www.mauxenmots.be. La propri\u00e9taire du site et du nom de domaine est Mme Blondiaux Jo\u00eblle L&rsquo;administrateur du site est [&hellip;]\" \/>\n<meta property=\"og:url\" content=\"https:\/\/www.mauxenmots.be\/index.php\/politique-de-confidentialite\/\" \/>\n<meta property=\"og:site_name\" content=\"Maux en Mots\" \/>\n<meta property=\"article:modified_time\" content=\"2025-06-15T08:48:51+00:00\" \/>\n<meta property=\"og:image\" content=\"https:\/\/www.mauxenmots.be\/wp-content\/uploads\/2025\/05\/mentions-obligatoires-rgpd-2.jpg\" \/>\n\t<meta property=\"og:image:width\" content=\"1200\" \/>\n\t<meta property=\"og:image:height\" content=\"630\" \/>\n\t<meta property=\"og:image:type\" content=\"image\/jpeg\" \/>\n<meta name=\"twitter:card\" content=\"summary_large_image\" \/>\n<meta name=\"twitter:label1\" content=\"Dur\u00e9e de lecture estim\u00e9e\" \/>\n\t<meta name=\"twitter:data1\" content=\"2 minutes\" \/>\n<script type=\"application\/ld+json\" class=\"yoast-schema-graph\">{\"@context\":\"https:\/\/schema.org\",\"@graph\":[{\"@type\":\"WebPage\",\"@id\":\"https:\/\/www.mauxenmots.be\/index.php\/politique-de-confidentialite\/\",\"url\":\"https:\/\/www.mauxenmots.be\/index.php\/politique-de-confidentialite\/\",\"name\":\"Politique de confidentialit\u00e9 - Maux en Mots\",\"isPartOf\":{\"@id\":\"https:\/\/www.mauxenmots.be\/#website\"},\"primaryImageOfPage\":{\"@id\":\"https:\/\/www.mauxenmots.be\/index.php\/politique-de-confidentialite\/#primaryimage\"},\"image\":{\"@id\":\"https:\/\/www.mauxenmots.be\/index.php\/politique-de-confidentialite\/#primaryimage\"},\"thumbnailUrl\":\"https:\/\/www.mauxenmots.be\/wp-content\/uploads\/2025\/05\/mentions-obligatoires-rgpd-2-150x150.jpg\",\"datePublished\":\"2025-05-29T07:39:04+00:00\",\"dateModified\":\"2025-06-15T08:48:51+00:00\",\"breadcrumb\":{\"@id\":\"https:\/\/www.mauxenmots.be\/index.php\/politique-de-confidentialite\/#breadcrumb\"},\"inLanguage\":\"fr-FR\",\"potentialAction\":[{\"@type\":\"ReadAction\",\"target\":[\"https:\/\/www.mauxenmots.be\/index.php\/politique-de-confidentialite\/\"]}]},{\"@type\":\"ImageObject\",\"inLanguage\":\"fr-FR\",\"@id\":\"https:\/\/www.mauxenmots.be\/index.php\/politique-de-confidentialite\/#primaryimage\",\"url\":\"https:\/\/www.mauxenmots.be\/wp-content\/uploads\/2025\/05\/mentions-obligatoires-rgpd-2.jpg\",\"contentUrl\":\"https:\/\/www.mauxenmots.be\/wp-content\/uploads\/2025\/05\/mentions-obligatoires-rgpd-2.jpg\",\"width\":1200,\"height\":630},{\"@type\":\"BreadcrumbList\",\"@id\":\"https:\/\/www.mauxenmots.be\/index.php\/politique-de-confidentialite\/#breadcrumb\",\"itemListElement\":[{\"@type\":\"ListItem\",\"position\":1,\"name\":\"Accueil\",\"item\":\"https:\/\/www.mauxenmots.be\/\"},{\"@type\":\"ListItem\",\"position\":2,\"name\":\"Politique de confidentialit\u00e9\"}]},{\"@type\":\"WebSite\",\"@id\":\"https:\/\/www.mauxenmots.be\/#website\",\"url\":\"https:\/\/www.mauxenmots.be\/\",\"name\":\"Maux en Mots\",\"description\":\"\",\"publisher\":{\"@id\":\"https:\/\/www.mauxenmots.be\/#organization\"},\"potentialAction\":[{\"@type\":\"SearchAction\",\"target\":{\"@type\":\"EntryPoint\",\"urlTemplate\":\"https:\/\/www.mauxenmots.be\/?s={search_term_string}\"},\"query-input\":{\"@type\":\"PropertyValueSpecification\",\"valueRequired\":true,\"valueName\":\"search_term_string\"}}],\"inLanguage\":\"fr-FR\"},{\"@type\":\"Organization\",\"@id\":\"https:\/\/www.mauxenmots.be\/#organization\",\"name\":\"Maux en Mots\",\"url\":\"https:\/\/www.mauxenmots.be\/\",\"logo\":{\"@type\":\"ImageObject\",\"inLanguage\":\"fr-FR\",\"@id\":\"https:\/\/www.mauxenmots.be\/#\/schema\/logo\/image\/\",\"url\":\"https:\/\/www.mauxenmots.be\/wp-content\/uploads\/2025\/05\/cropped-cropped-IMG-20250122-WA0005-min.jpg\",\"contentUrl\":\"https:\/\/www.mauxenmots.be\/wp-content\/uploads\/2025\/05\/cropped-cropped-IMG-20250122-WA0005-min.jpg\",\"width\":200,\"height\":199,\"caption\":\"Maux en Mots\"},\"image\":{\"@id\":\"https:\/\/www.mauxenmots.be\/#\/schema\/logo\/image\/\"}}]}<\/script>\n<!-- \/ Yoast SEO plugin. -->","yoast_head_json":{"title":"Politique de confidentialit\u00e9 - Maux en Mots","robots":{"index":"index","follow":"follow","max-snippet":"max-snippet:-1","max-image-preview":"max-image-preview:large","max-video-preview":"max-video-preview:-1"},"canonical":"https:\/\/www.mauxenmots.be\/index.php\/politique-de-confidentialite\/","og_locale":"fr_FR","og_type":"article","og_title":"Politique de confidentialit\u00e9 - Maux en Mots","og_description":"Qui sommes-nous\u00a0? L\u2019adresse de notre site est\u00a0: https:\/\/www.mauxenmots.be. La propri\u00e9taire du site et du nom de domaine est Mme Blondiaux Jo\u00eblle L&rsquo;administrateur du site est [&hellip;]","og_url":"https:\/\/www.mauxenmots.be\/index.php\/politique-de-confidentialite\/","og_site_name":"Maux en Mots","article_modified_time":"2025-06-15T08:48:51+00:00","og_image":[{"width":1200,"height":630,"url":"https:\/\/www.mauxenmots.be\/wp-content\/uploads\/2025\/05\/mentions-obligatoires-rgpd-2.jpg","type":"image\/jpeg"}],"twitter_card":"summary_large_image","twitter_misc":{"Dur\u00e9e de lecture estim\u00e9e":"2 minutes"},"schema":{"@context":"https:\/\/schema.org","@graph":[{"@type":"WebPage","@id":"https:\/\/www.mauxenmots.be\/index.php\/politique-de-confidentialite\/","url":"https:\/\/www.mauxenmots.be\/index.php\/politique-de-confidentialite\/","name":"Politique de confidentialit\u00e9 - Maux en Mots","isPartOf":{"@id":"https:\/\/www.mauxenmots.be\/#website"},"primaryImageOfPage":{"@id":"https:\/\/www.mauxenmots.be\/index.php\/politique-de-confidentialite\/#primaryimage"},"image":{"@id":"https:\/\/www.mauxenmots.be\/index.php\/politique-de-confidentialite\/#primaryimage"},"thumbnailUrl":"https:\/\/www.mauxenmots.be\/wp-content\/uploads\/2025\/05\/mentions-obligatoires-rgpd-2-150x150.jpg","datePublished":"2025-05-29T07:39:04+00:00","dateModified":"2025-06-15T08:48:51+00:00","breadcrumb":{"@id":"https:\/\/www.mauxenmots.be\/index.php\/politique-de-confidentialite\/#breadcrumb"},"inLanguage":"fr-FR","potentialAction":[{"@type":"ReadAction","target":["https:\/\/www.mauxenmots.be\/index.php\/politique-de-confidentialite\/"]}]},{"@type":"ImageObject","inLanguage":"fr-FR","@id":"https:\/\/www.mauxenmots.be\/index.php\/politique-de-confidentialite\/#primaryimage","url":"https:\/\/www.mauxenmots.be\/wp-content\/uploads\/2025\/05\/mentions-obligatoires-rgpd-2.jpg","contentUrl":"https:\/\/www.mauxenmots.be\/wp-content\/uploads\/2025\/05\/mentions-obligatoires-rgpd-2.jpg","width":1200,"height":630},{"@type":"BreadcrumbList","@id":"https:\/\/www.mauxenmots.be\/index.php\/politique-de-confidentialite\/#breadcrumb","itemListElement":[{"@type":"ListItem","position":1,"name":"Accueil","item":"https:\/\/www.mauxenmots.be\/"},{"@type":"ListItem","position":2,"name":"Politique de confidentialit\u00e9"}]},{"@type":"WebSite","@id":"https:\/\/www.mauxenmots.be\/#website","url":"https:\/\/www.mauxenmots.be\/","name":"Maux en Mots","description":"","publisher":{"@id":"https:\/\/www.mauxenmots.be\/#organization"},"potentialAction":[{"@type":"SearchAction","target":{"@type":"EntryPoint","urlTemplate":"https:\/\/www.mauxenmots.be\/?s={search_term_string}"},"query-input":{"@type":"PropertyValueSpecification","valueRequired":true,"valueName":"search_term_string"}}],"inLanguage":"fr-FR"},{"@type":"Organization","@id":"https:\/\/www.mauxenmots.be\/#organization","name":"Maux en Mots","url":"https:\/\/www.mauxenmots.be\/","logo":{"@type":"ImageObject","inLanguage":"fr-FR","@id":"https:\/\/www.mauxenmots.be\/#\/schema\/logo\/image\/","url":"https:\/\/www.mauxenmots.be\/wp-content\/uploads\/2025\/05\/cropped-cropped-IMG-20250122-WA0005-min.jpg","contentUrl":"https:\/\/www.mauxenmots.be\/wp-content\/uploads\/2025\/05\/cropped-cropped-IMG-20250122-WA0005-min.jpg","width":200,"height":199,"caption":"Maux en Mots"},"image":{"@id":"https:\/\/www.mauxenmots.be\/#\/schema\/logo\/image\/"}}]}},"_links":{"self":[{"href":"https:\/\/www.mauxenmots.be\/index.php\/wp-json\/wp\/v2\/pages\/3","targetHints":{"allow":["GET"]}}],"collection":[{"href":"https:\/\/www.mauxenmots.be\/index.php\/wp-json\/wp\/v2\/pages"}],"about":[{"href":"https:\/\/www.mauxenmots.be\/index.php\/wp-json\/wp\/v2\/types\/page"}],"author":[{"embeddable":true,"href":"https:\/\/www.mauxenmots.be\/index.php\/wp-json\/wp\/v2\/users\/2"}],"replies":[{"embeddable":true,"href":"https:\/\/www.mauxenmots.be\/index.php\/wp-json\/wp\/v2\/comments?post=3"}],"version-history":[{"count":21,"href":"https:\/\/www.mauxenmots.be\/index.php\/wp-json\/wp\/v2\/pages\/3\/revisions"}],"predecessor-version":[{"id":748,"href":"https:\/\/www.mauxenmots.be\/index.php\/wp-json\/wp\/v2\/pages\/3\/revisions\/748"}],"wp:attachment":[{"href":"https:\/\/www.mauxenmots.be\/index.php\/wp-json\/wp\/v2\/media?parent=3"}],"curies":[{"name":"wp","href":"https:\/\/api.w.org\/{rel}","templated":true}]}}